{"id":2,"date":"2016-05-10T03:48:21","date_gmt":"2016-05-10T03:48:21","guid":{"rendered":"http:\/\/comomoda.es\/?page_id=2"},"modified":"2023-06-26T11:57:30","modified_gmt":"2023-06-26T11:57:30","slug":"sobre-nosotros","status":"publish","type":"page","link":"https:\/\/comomoda.es\/?page_id=2","title":{"rendered":"Sobre nosotros"},"content":{"rendered":"<div style=\"float: left; width: 45%;\">\n<h1><strong>Quienes Somos<\/strong> <strong>?<\/strong><\/h1>\n<hr \/>\n<p>Somos un Grupo de Representantes tanto en ropa de mujer como ropa hombre, donde se une una amplia experiencia con innovaci\u00f3n y ganas de los m\u00e1s j\u00f3venes, un equipo perfecto para un servicio inmejorable.<\/p>\n<p>Cada temporada nos reunimos junto con los Fabricantes, para buscar las \u00faltimas tendencias de moda y dise\u00f1ar e intercambiar opiniones, contando siempre con la valiosa ayuda de las tiendas, para mejorar constantemente.<\/p>\n<hr \/>\n<h1><strong>Nuestros Proveedores<\/strong><\/h1>\n<hr \/>\n<p>Para dar un servicio inmejorable nos coordinamos perfectamente con las Marcas representadas , colaborando constantemente, desde el proceso, dise\u00f1o, comercializaci\u00f3n\u2026 hasta la llegada a las tiendas de la mercanc\u00eda.<\/p>\n<p>Llevamos mas de 30 a\u00f1os trabajando con las mismas Marcas, pero \u2026 por exigencias de nuestros clientes buscamos constantemente\u00a0 Marcas innovadoras en Dise\u00f1o y Tejidos donde la relaci\u00f3n calidad y precio sea adecuada al mercado.<\/p>\n<hr \/>\n<p><a href=\"https:\/\/www.facebook.com\/Comomoda-163808777004082\/\" target=\"_blank\" rel=\"noopener\"><img decoding=\"async\" loading=\"lazy\" class=\"alignnone wp-image-435\" src=\"http:\/\/comomoda.es\/wp-content\/uploads\/2018\/05\/logoface-150x150.png\" alt=\"\" width=\"50\" height=\"45\" \/><\/a> <a href=\"https:\/\/www.instagram.com\/comomoda_showroom\/?hl=es\" target=\"_blank\" rel=\"noopener\"><img decoding=\"async\" loading=\"lazy\" class=\"alignnone wp-image-433\" src=\"http:\/\/comomoda.es\/wp-content\/uploads\/2018\/05\/logoinsta-150x150.png\" alt=\"\" width=\"50\" height=\"44\" \/><\/a><\/p>\n<hr \/>\n<p style=\"text-align: center;\"><a href=\"http:\/\/comomoda.es\/?page_id=364\">Politica de Privacidad\u00a0<\/a><\/p>\n<\/div>\n<div style=\"float: right; width: 45%;\">\n<h1><strong>Donde Estamos ?<\/strong><\/h1>\n<hr \/>\n<p><iframe loading=\"lazy\" style=\"border: 0;\" src=\"https:\/\/www.google.com\/maps\/embed?pb=!1m18!1m12!1m3!1d2990.1511934727073!2d2.218453315427965!3d41.45763597925775!2m3!1f0!2f0!3f0!3m2!1i1024!2i768!4f13.1!3m3!1m2!1s0x0%3A0xc253f650c17d941e!2sCOMOMODA+SHOWROOM!5e0!3m2!1ses!2ses!4v1526903113728\" width=\"600\" height=\"450\" frameborder=\"0\" allowfullscreen=\"allowfullscreen\"><\/iframe><\/p>\n<hr \/>\n<h1><strong>Nuestros Servicios<\/strong><\/h1>\n<hr \/>\n<p>Para nosotros un cliente lo es todo, por ello en nuestros Showroom se sienten como en casa\u2026.,\u00a0los clientes ven mas c\u00f3modamente y en menos tiempo las colecciones.<\/p>\n<p>Para comodidad de nuestros clientes , prestamos especial atenci\u00f3n a la localizaci\u00f3n, transportes p\u00fablicos, confort, etc.. No obstante, si es necesario, nos desplazamos a las boutiques para ense\u00f1arles las colecciones.<\/p>\n<h1><\/h1>\n<\/div>\n<div style=\"clear: both;\"><\/div>\n","protected":false},"excerpt":{"rendered":"<p>Quienes Somos ? Somos un Grupo de Representantes tanto en ropa de mujer como ropa hombre, donde se une una amplia experiencia con innovaci\u00f3n y ganas de los m\u00e1s j\u00f3venes, un equipo perfecto para un servicio inmejorable. Cada temporada nos reunimos junto con los Fabricantes, para buscar las \u00faltimas tendencias de moda y dise\u00f1ar e&#8230;<\/p>\n","protected":false},"author":1,"featured_media":0,"parent":544,"menu_order":0,"comment_status":"closed","ping_status":"closed","template":"","meta":[],"_links":{"self":[{"href":"https:\/\/comomoda.es\/index.php?rest_route=\/wp\/v2\/pages\/2"}],"collection":[{"href":"https:\/\/comomoda.es\/index.php?rest_route=\/wp\/v2\/pages"}],"about":[{"href":"https:\/\/comomoda.es\/index.php?rest_route=\/wp\/v2\/types\/page"}],"author":[{"embeddable":true,"href":"https:\/\/comomoda.es\/index.php?rest_route=\/wp\/v2\/users\/1"}],"replies":[{"embeddable":true,"href":"https:\/\/comomoda.es\/index.php?rest_route=%2Fwp%2Fv2%2Fcomments&post=2"}],"version-history":[{"count":15,"href":"https:\/\/comomoda.es\/index.php?rest_route=\/wp\/v2\/pages\/2\/revisions"}],"predecessor-version":[{"id":539,"href":"https:\/\/comomoda.es\/index.php?rest_route=\/wp\/v2\/pages\/2\/revisions\/539"}],"up":[{"embeddable":true,"href":"https:\/\/comomoda.es\/index.php?rest_route=\/wp\/v2\/pages\/544"}],"wp:attachment":[{"href":"https:\/\/comomoda.es\/index.php?rest_route=%2Fwp%2Fv2%2Fmedia&parent=2"}],"curies":[{"name":"wp","href":"https:\/\/api.w.org\/{rel}","templated":true}]}}